{"id":158,"date":"2018-12-06T12:49:02","date_gmt":"2018-12-06T12:49:02","guid":{"rendered":"https:\/\/saludsaludablesinestres.com\/?page_id=158"},"modified":"2024-06-20T22:49:30","modified_gmt":"2024-06-20T22:49:30","slug":"about","status":"publish","type":"page","link":"https:\/\/saludsaludablesinestres.com\/?page_id=158","title":{"rendered":"About"},"content":{"rendered":"\t\t<div data-elementor-type=\"wp-post\" data-elementor-id=\"158\" class=\"elementor elementor-158\">\n\t\t\t\t\t\t\t\t\t<section class=\"elementor-section elementor-top-section elementor-element elementor-element-9690a79 elementor-section-boxed elementor-section-height-default elementor-section-height-default\" data-id=\"9690a79\" data-element_type=\"section\" data-settings=\"{&quot;background_background&quot;:&quot;gradient&quot;}\">\n\t\t\t\t\t\t<div class=\"elementor-container elementor-column-gap-default\">\n\t\t\t\t\t<div class=\"elementor-column elementor-col-100 elementor-top-column elementor-element elementor-element-69d31e9\" data-id=\"69d31e9\" data-element_type=\"column\">\n\t\t\t<div class=\"elementor-widget-wrap elementor-element-populated\">\n\t\t\t\t\t\t\t\t<div class=\"elementor-element elementor-element-b3f3576 elementor-position-top elementor-vertical-align-top elementor-widget elementor-widget-image-box\" data-id=\"b3f3576\" data-element_type=\"widget\" data-widget_type=\"image-box.default\">\n\t\t\t\t<div class=\"elementor-widget-container\">\n\t\t\t<style>\/*! elementor - v3.7.1 - 14-08-2022 *\/\n.elementor-widget-image-box .elementor-image-box-content{width:100%}@media (min-width:768px){.elementor-widget-image-box.elementor-position-left .elementor-image-box-wrapper,.elementor-widget-image-box.elementor-position-right .elementor-image-box-wrapper{display:-webkit-box;display:-ms-flexbox;display:flex}.elementor-widget-image-box.elementor-position-right .elementor-image-box-wrapper{text-align:right;-webkit-box-orient:horizontal;-webkit-box-direction:reverse;-ms-flex-direction:row-reverse;flex-direction:row-reverse}.elementor-widget-image-box.elementor-position-left .elementor-image-box-wrapper{text-align:left;-webkit-box-orient:horizontal;-webkit-box-direction:normal;-ms-flex-direction:row;flex-direction:row}.elementor-widget-image-box.elementor-position-top .elementor-image-box-img{margin:auto}.elementor-widget-image-box.elementor-vertical-align-top .elementor-image-box-wrapper{-webkit-box-align:start;-ms-flex-align:start;align-items:flex-start}.elementor-widget-image-box.elementor-vertical-align-middle .elementor-image-box-wrapper{-webkit-box-align:center;-ms-flex-align:center;align-items:center}.elementor-widget-image-box.elementor-vertical-align-bottom .elementor-image-box-wrapper{-webkit-box-align:end;-ms-flex-align:end;align-items:flex-end}}@media (max-width:767px){.elementor-widget-image-box .elementor-image-box-img{margin-left:auto!important;margin-right:auto!important;margin-bottom:15px}}.elementor-widget-image-box .elementor-image-box-img{display:inline-block}.elementor-widget-image-box .elementor-image-box-title a{color:inherit}.elementor-widget-image-box .elementor-image-box-wrapper{text-align:center}.elementor-widget-image-box .elementor-image-box-description{margin:0}<\/style><div class=\"elementor-image-box-wrapper\"><div class=\"elementor-image-box-content\"><h1 class=\"elementor-image-box-title\">DR.PABLO LOMBANA<\/h1><p class=\"elementor-image-box-description\"><br>para cita cont\u00e1ctame:<br><u>saludsaludablesinestres@gmail.com<\/u><br><br>reduciendo tu estr\u00e9s,<br>aumentas tu bienestar y tu salud.<br><br><b>Te ayudo a desarrollar y alcanzar  tus objetivos<\/b><br><b> en tu vida,<\/b><br><b> en tu salud,<\/b><br><b> y en tu alimentaci\u00f3n.<\/b><br><br>Disfruta con excelencia, con satisfacci\u00f3n y felicidad.<br><br><br>uso t\u00e9cnicas para desbloquearte,<br> reducir tus miedos y frustraciones,<br>aumentar tu confianza y activar tus habilidades.<br>Tambi\u00e9n soy conferenciante.<br><br>en las sesiones te ayudo a encontrar lo que quieres y como conseguirlo.<br><br>Trabaj\u00e9 del 1990- 2015, como m\u00e9dico general y de urgencias.<br>Desde el 2005 consultas de medicina integrativa, con t\u00e9cnicas emocionales, productos naturales y alimentaci\u00f3n.<br>profesor y conferenciante.<br><br>en los ultimos a\u00f1os me he centrado en t\u00e9cnicas de coaching.<br><br><br><u>titulaci\u00f3n y formaci\u00f3n:<\/u><br>-\"Licenciado en medicina y cirug\u00eda\" Universidad Pa\u00eds Vasco. 1990.<br>- \"Master en Psicosom\u00e1tica cl\u00ednica y humanista\"<br> con el Dr. Salom\u00f3n Sellam. 2011-2016.<br>-\"Master en  coaching con pnl\" por Adaptic, autoestima y cambio, 2010.<br>-\"Postgrado en executive and business coaching\" Fundares, 2018-2019.<br>-Titulado en \"Coaching online pro\" Escuela Darte, 2021.<br><br><br><br><br><\/p><\/div><\/div>\t\t<\/div>\n\t\t\t\t<\/div>\n\t\t\t\t\t<\/div>\n\t\t<\/div>\n\t\t\t\t\t\t\t<\/div>\n\t\t<\/section>\n\t\t\t\t<section class=\"elementor-section elementor-top-section elementor-element elementor-element-956eb93 elementor-section-content-middle elementor-section-boxed elementor-section-height-default elementor-section-height-default\" data-id=\"956eb93\" data-element_type=\"section\" data-settings=\"{&quot;background_background&quot;:&quot;classic&quot;,&quot;shape_divider_bottom&quot;:&quot;waves&quot;}\">\n\t\t\t\t\t<div class=\"elementor-shape elementor-shape-bottom\" data-negative=\"false\">\n\t\t\t<svg xmlns=\"http:\/\/www.w3.org\/2000\/svg\" viewBox=\"0 0 1000 100\" preserveAspectRatio=\"none\">\n\t<path class=\"elementor-shape-fill\" d=\"M421.9,6.5c22.6-2.5,51.5,0.4,75.5,5.3c23.6,4.9,70.9,23.5,100.5,35.7c75.8,32.2,133.7,44.5,192.6,49.7\n\tc23.6,2.1,48.7,3.5,103.4-2.5c54.7-6,106.2-25.6,106.2-25.6V0H0v30.3c0,0,72,32.6,158.4,30.5c39.2-0.7,92.8-6.7,134-22.4\n\tc21.2-8.1,52.2-18.2,79.7-24.2C399.3,7.9,411.6,7.5,421.9,6.5z\"\/>\n<\/svg>\t\t<\/div>\n\t\t\t\t\t<div class=\"elementor-container elementor-column-gap-default\">\n\t\t\t\t\t<div class=\"elementor-column elementor-col-100 elementor-top-column elementor-element elementor-element-daf9452\" data-id=\"daf9452\" data-element_type=\"column\">\n\t\t\t<div class=\"elementor-widget-wrap\">\n\t\t\t\t\t\t\t\t\t<\/div>\n\t\t<\/div>\n\t\t\t\t\t\t\t<\/div>\n\t\t<\/section>\n\t\t\t\t\t\t\t<\/div>\n\t\t","protected":false},"excerpt":{"rendered":"<p>DR.PABLO LOMBANA para cita cont\u00e1ctame:saludsaludablesinestres@gmail.com reduciendo tu estr\u00e9s,aumentas tu bienestar y tu salud. Te ayudo a desarrollar y alcanzar tus objetivos en tu vida, en tu salud, y en tu alimentaci\u00f3n. Disfruta con excelencia, con satisfacci\u00f3n y felicidad. uso t\u00e9cnicas para desbloquearte, reducir tus miedos y frustraciones,aumentar tu confianza y activar tus habilidades.Tambi\u00e9n soy conferenciante. &hellip;<\/p>\n<p class=\"read-more\"> <a class=\"\" href=\"https:\/\/saludsaludablesinestres.com\/?page_id=158\"> <span class=\"screen-reader-text\">About<\/span> Leer m\u00e1s &raquo;<\/a><\/p>\n","protected":false},"author":1,"featured_media":0,"parent":0,"menu_order":0,"comment_status":"closed","ping_status":"closed","template":"elementor_header_footer","meta":{"site-sidebar-layout":"no-sidebar","site-content-layout":"page-builder","ast-global-header-display":"","ast-main-header-display":"","ast-hfb-above-header-display":"","ast-hfb-below-header-display":"","ast-hfb-mobile-header-display":"","site-post-title":"disabled","ast-breadcrumbs-content":"","ast-featured-img":"disabled","footer-sml-layout":"","theme-transparent-header-meta":"enabled","adv-header-id-meta":"","stick-header-meta":"","header-above-stick-meta":"","header-main-stick-meta":"","header-below-stick-meta":"","_ti_tpc_template_sync":false,"_ti_tpc_template_id":""},"_links":{"self":[{"href":"https:\/\/saludsaludablesinestres.com\/index.php?rest_route=\/wp\/v2\/pages\/158"}],"collection":[{"href":"https:\/\/saludsaludablesinestres.com\/index.php?rest_route=\/wp\/v2\/pages"}],"about":[{"href":"https:\/\/saludsaludablesinestres.com\/index.php?rest_route=\/wp\/v2\/types\/page"}],"author":[{"embeddable":true,"href":"https:\/\/saludsaludablesinestres.com\/index.php?rest_route=\/wp\/v2\/users\/1"}],"replies":[{"embeddable":true,"href":"https:\/\/saludsaludablesinestres.com\/index.php?rest_route=%2Fwp%2Fv2%2Fcomments&post=158"}],"version-history":[{"count":25,"href":"https:\/\/saludsaludablesinestres.com\/index.php?rest_route=\/wp\/v2\/pages\/158\/revisions"}],"predecessor-version":[{"id":25355,"href":"https:\/\/saludsaludablesinestres.com\/index.php?rest_route=\/wp\/v2\/pages\/158\/revisions\/25355"}],"wp:attachment":[{"href":"https:\/\/saludsaludablesinestres.com\/index.php?rest_route=%2Fwp%2Fv2%2Fmedia&parent=158"}],"curies":[{"name":"wp","href":"https:\/\/api.w.org\/{rel}","templated":true}]}}