{"id":201,"date":"2018-12-07T12:51:06","date_gmt":"2018-12-07T12:51:06","guid":{"rendered":"https:\/\/saludsaludablesinestres.com\/?page_id=201"},"modified":"2024-08-03T08:57:18","modified_gmt":"2024-08-03T08:57:18","slug":"all-courses","status":"publish","type":"page","link":"https:\/\/saludsaludablesinestres.com\/?page_id=201","title":{"rendered":"All Courses"},"content":{"rendered":"\t\t<div data-elementor-type=\"wp-post\" data-elementor-id=\"201\" class=\"elementor elementor-201\">\n\t\t\t\t\t\t\t\t\t<section class=\"elementor-section elementor-top-section elementor-element elementor-element-65ddfad3 elementor-section-boxed elementor-section-height-default elementor-section-height-default\" data-id=\"65ddfad3\" data-element_type=\"section\" data-settings=\"{&quot;background_background&quot;:&quot;gradient&quot;}\">\n\t\t\t\t\t\t<div class=\"elementor-container elementor-column-gap-default\">\n\t\t\t\t\t<div class=\"elementor-column elementor-col-100 elementor-top-column elementor-element elementor-element-c947ffe\" data-id=\"c947ffe\" data-element_type=\"column\">\n\t\t\t<div class=\"elementor-widget-wrap elementor-element-populated\">\n\t\t\t\t\t\t\t\t<div class=\"elementor-element elementor-element-35eed52 elementor-position-top elementor-vertical-align-top elementor-widget elementor-widget-image-box\" data-id=\"35eed52\" data-element_type=\"widget\" data-widget_type=\"image-box.default\">\n\t\t\t\t<div class=\"elementor-widget-container\">\n\t\t\t<style>\/*! elementor - v3.7.1 - 14-08-2022 *\/\n.elementor-widget-image-box .elementor-image-box-content{width:100%}@media (min-width:768px){.elementor-widget-image-box.elementor-position-left .elementor-image-box-wrapper,.elementor-widget-image-box.elementor-position-right .elementor-image-box-wrapper{display:-webkit-box;display:-ms-flexbox;display:flex}.elementor-widget-image-box.elementor-position-right .elementor-image-box-wrapper{text-align:right;-webkit-box-orient:horizontal;-webkit-box-direction:reverse;-ms-flex-direction:row-reverse;flex-direction:row-reverse}.elementor-widget-image-box.elementor-position-left .elementor-image-box-wrapper{text-align:left;-webkit-box-orient:horizontal;-webkit-box-direction:normal;-ms-flex-direction:row;flex-direction:row}.elementor-widget-image-box.elementor-position-top .elementor-image-box-img{margin:auto}.elementor-widget-image-box.elementor-vertical-align-top .elementor-image-box-wrapper{-webkit-box-align:start;-ms-flex-align:start;align-items:flex-start}.elementor-widget-image-box.elementor-vertical-align-middle .elementor-image-box-wrapper{-webkit-box-align:center;-ms-flex-align:center;align-items:center}.elementor-widget-image-box.elementor-vertical-align-bottom .elementor-image-box-wrapper{-webkit-box-align:end;-ms-flex-align:end;align-items:flex-end}}@media (max-width:767px){.elementor-widget-image-box .elementor-image-box-img{margin-left:auto!important;margin-right:auto!important;margin-bottom:15px}}.elementor-widget-image-box .elementor-image-box-img{display:inline-block}.elementor-widget-image-box .elementor-image-box-title a{color:inherit}.elementor-widget-image-box .elementor-image-box-wrapper{text-align:center}.elementor-widget-image-box .elementor-image-box-description{margin:0}<\/style><div class=\"elementor-image-box-wrapper\"><figure class=\"elementor-image-box-img\"><img width=\"630\" height=\"856\" src=\"https:\/\/saludsaludablesinestres.com\/wp-content\/uploads\/2022\/08\/vitrubio.jpg\" class=\"attachment-full size-full\" alt=\"\" loading=\"lazy\" \/><\/figure><div class=\"elementor-image-box-content\"><h1 class=\"elementor-image-box-title\">SESIONES PERSONALIZADAS,<br>solicita cita en <br>saludsaludablesinestres@gmail.com<\/h1><\/div><\/div>\t\t<\/div>\n\t\t\t\t<\/div>\n\t\t\t\t\t<\/div>\n\t\t<\/div>\n\t\t\t\t\t\t\t<\/div>\n\t\t<\/section>\n\t\t\t\t<section class=\"elementor-section elementor-top-section elementor-element elementor-element-ac8914e elementor-section-boxed elementor-section-height-default elementor-section-height-default\" data-id=\"ac8914e\" data-element_type=\"section\" data-settings=\"{&quot;background_background&quot;:&quot;classic&quot;,&quot;shape_divider_top&quot;:&quot;waves&quot;}\">\n\t\t\t\t\t<div class=\"elementor-shape elementor-shape-top\" data-negative=\"false\">\n\t\t\t<svg xmlns=\"http:\/\/www.w3.org\/2000\/svg\" viewBox=\"0 0 1000 100\" preserveAspectRatio=\"none\">\n\t<path class=\"elementor-shape-fill\" d=\"M421.9,6.5c22.6-2.5,51.5,0.4,75.5,5.3c23.6,4.9,70.9,23.5,100.5,35.7c75.8,32.2,133.7,44.5,192.6,49.7\n\tc23.6,2.1,48.7,3.5,103.4-2.5c54.7-6,106.2-25.6,106.2-25.6V0H0v30.3c0,0,72,32.6,158.4,30.5c39.2-0.7,92.8-6.7,134-22.4\n\tc21.2-8.1,52.2-18.2,79.7-24.2C399.3,7.9,411.6,7.5,421.9,6.5z\"\/>\n<\/svg>\t\t<\/div>\n\t\t\t\t\t<div class=\"elementor-container elementor-column-gap-default\">\n\t\t\t\t\t<div class=\"elementor-column elementor-col-100 elementor-top-column elementor-element elementor-element-3eb719e\" data-id=\"3eb719e\" data-element_type=\"column\">\n\t\t\t<div class=\"elementor-widget-wrap elementor-element-populated\">\n\t\t\t\t\t\t\t\t<div class=\"elementor-element elementor-element-f614d96 elementor-widget elementor-widget-heading\" data-id=\"f614d96\" data-element_type=\"widget\" data-widget_type=\"heading.default\">\n\t\t\t\t<div class=\"elementor-widget-container\">\n\t\t\t<style>\/*! elementor - v3.7.1 - 14-08-2022 *\/\n.elementor-heading-title{padding:0;margin:0;line-height:1}.elementor-widget-heading .elementor-heading-title[class*=elementor-size-]>a{color:inherit;font-size:inherit;line-height:inherit}.elementor-widget-heading .elementor-heading-title.elementor-size-small{font-size:15px}.elementor-widget-heading .elementor-heading-title.elementor-size-medium{font-size:19px}.elementor-widget-heading .elementor-heading-title.elementor-size-large{font-size:29px}.elementor-widget-heading .elementor-heading-title.elementor-size-xl{font-size:39px}.elementor-widget-heading .elementor-heading-title.elementor-size-xxl{font-size:59px}<\/style><h2 class=\"elementor-heading-title elementor-size-default\">Las sesiones tienen una duraci\u00f3n de 50 minutos.<br>Se realizan online por el sistema que prefieras, skype, teams, meets, whatsapp.<br>Importante que tengas privacidad, desde una habitaci\u00f3n que no te interrumpan y tengas buena conexi\u00f3n a internet.<br><br>Ejemplos de objetivos:<br><br>-Mejorar tu salud.<br>-Reducir el estr\u00e9s general.<br>-Gestionar el estr\u00e9s en una area concreta.<br>-Hacer un cambio de vida.<br>-GESTIONAR Y REDUCIR TUS SINTOMAS.<br>-MEJORAR TUS EMOCIONES Y ACTITUD FRENTE A TUS SINTOMAS.<br>-Mejorar las relaciones.<br>-mejorar tu alimentaci\u00f3n.<br>-estar a gusto con tu peso Y REGULARLO M\u00c1S FACILMENTE, CON MENOS ANSIEDAD.<br>-GENERAR CAMBIOS EN EL TRABAJO Y SENTIRSE MEJOR. <br> -mejorar tus h\u00e1bitos.<br>-Aumentar tu bienestar y satisfacci\u00f3n.<br>-MEJORAR TUS RELACIONES CONTIGO MISMO, CON LA PAREJA, CON LOS DEM\u00c1S.<br><br>La sesi\u00f3n tiene un coste de 70 euros.<br><br>Acordamos el n\u00famero de sesiones en la primera, lo m\u00e1s habitual entre 3-7 sesiones (depende del objetivo).<br>El proceso se termina cuando el cliente est\u00e1 satisfecho porque ya ha conseguido su objetivo U OBJETIVOS, o est\u00e1 satisfecho con los cambios realizados.<\/h2>\t\t<\/div>\n\t\t\t\t<\/div>\n\t\t\t\t\t<\/div>\n\t\t<\/div>\n\t\t\t\t\t\t\t<\/div>\n\t\t<\/section>\n\t\t\t\t\t\t\t<\/div>\n\t\t","protected":false},"excerpt":{"rendered":"<p>SESIONES PERSONALIZADAS,solicita cita en saludsaludablesinestres@gmail.com Las sesiones tienen una duraci\u00f3n de 50 minutos.Se realizan online por el sistema que prefieras, skype, teams, meets, whatsapp.Importante que tengas privacidad, desde una habitaci\u00f3n que no te interrumpan y tengas buena conexi\u00f3n a internet. Ejemplos de objetivos: -Mejorar tu salud.-Reducir el estr\u00e9s general.-Gestionar el estr\u00e9s en una area concreta.-Hacer &hellip;<\/p>\n<p class=\"read-more\"> <a class=\"\" href=\"https:\/\/saludsaludablesinestres.com\/?page_id=201\"> <span class=\"screen-reader-text\">All Courses<\/span> Leer m\u00e1s &raquo;<\/a><\/p>\n","protected":false},"author":1,"featured_media":0,"parent":0,"menu_order":0,"comment_status":"closed","ping_status":"closed","template":"","meta":{"site-sidebar-layout":"no-sidebar","site-content-layout":"page-builder","ast-global-header-display":"","ast-main-header-display":"","ast-hfb-above-header-display":"","ast-hfb-below-header-display":"","ast-hfb-mobile-header-display":"","site-post-title":"disabled","ast-breadcrumbs-content":"","ast-featured-img":"disabled","footer-sml-layout":"","theme-transparent-header-meta":"enabled","adv-header-id-meta":"","stick-header-meta":"","header-above-stick-meta":"","header-main-stick-meta":"","header-below-stick-meta":"","_ti_tpc_template_sync":false,"_ti_tpc_template_id":""},"_links":{"self":[{"href":"https:\/\/saludsaludablesinestres.com\/index.php?rest_route=\/wp\/v2\/pages\/201"}],"collection":[{"href":"https:\/\/saludsaludablesinestres.com\/index.php?rest_route=\/wp\/v2\/pages"}],"about":[{"href":"https:\/\/saludsaludablesinestres.com\/index.php?rest_route=\/wp\/v2\/types\/page"}],"author":[{"embeddable":true,"href":"https:\/\/saludsaludablesinestres.com\/index.php?rest_route=\/wp\/v2\/users\/1"}],"replies":[{"embeddable":true,"href":"https:\/\/saludsaludablesinestres.com\/index.php?rest_route=%2Fwp%2Fv2%2Fcomments&post=201"}],"version-history":[{"count":16,"href":"https:\/\/saludsaludablesinestres.com\/index.php?rest_route=\/wp\/v2\/pages\/201\/revisions"}],"predecessor-version":[{"id":25362,"href":"https:\/\/saludsaludablesinestres.com\/index.php?rest_route=\/wp\/v2\/pages\/201\/revisions\/25362"}],"wp:attachment":[{"href":"https:\/\/saludsaludablesinestres.com\/index.php?rest_route=%2Fwp%2Fv2%2Fmedia&parent=201"}],"curies":[{"name":"wp","href":"https:\/\/api.w.org\/{rel}","templated":true}]}}